{"id":690,"date":"2020-11-04T02:50:20","date_gmt":"2020-11-04T00:50:20","guid":{"rendered":"https:\/\/www.chambers.lt\/slapuku-politika\/"},"modified":"2021-01-22T15:03:26","modified_gmt":"2021-01-22T13:03:26","slug":"slapuku-politika","status":"publish","type":"page","link":"https:\/\/www.chambers.lt\/en\/slapuku-politika\/","title":{"rendered":"Cookies Policy"},"content":{"rendered":"\r\n<h2 class=\"wp-block-heading\">I. Introduction<\/h2>\r\n<p>This Cookies Policy explains what cookies are and what type of cookies Chambers.lt, a brand name of Lietuvos prekybos, pramon\u0117s ir amat\u0173 r\u016bm\u0173 asociacija, the company registered in the State Enterprise Centre Of Registers, code: 110069070, address: Va\u0161ingtono a. 1, LT-01108 Vilnius, Lithuania (hereinafter \u2013 \u2018we\u2019, \u2018us\u2019, \u2018our\u2019) uses, when you visit our website <a href=\"https:\/\/www.chambers.lt\/\">https:\/\/www.chambers.lt\/<\/a> (hereinafter \u2013 the Website), the information we collect using cookies and how that information is used. \u00a0<\/p>\r\n<h2>II. Contact us<\/h2>\r\n<p>Any questions, comments and requests regarding this Cookies Policy should be addressed to <a href=\"mailto:info@chambers.lt\">info@chambers.lt<\/a>\u00a0 or by writing to us Va\u0161ingtono a. 1, LT-01108 Vilnius. \u00a0<\/p>\r\n<h2>III. About Cookies<\/h2>\r\n<p>Cookies are text files containing small amounts of information which are downloaded to your device when you visit a Website. Cookies are then sent back to the originating website on each subsequent visit, or to another website that recognises those cookies. Cookies are useful because they allow our Website to recognise your device. \u00a0<\/p>\r\n<h2>IV. What Cookies do we use?<\/h2>\r\n<p>Some cookies are allocated to your device only for the duration of your visit to the Website, and these are called <em>\u2018session based\u2019<\/em> cookies. These cookies automatically expire at the end of the user session, when the web browser is closed. Another type of cookie known as <em>\u2018persistent cookies\u2019<\/em> consists of a text file sent by a web server to a web browser, which will be stored by the browser and will remain valid until its set expiry date (unless deleted by the user before the expiry date). Our Website may use two types of cookies: strictly necessary cookies and \u00a0\u00a0analytics cookies.<\/p>\r\n<ul>\r\n<li><strong>Strictly Necessary Cookies<\/strong> \u2013 these cookies are essential in order to enable you to move around our Website and use its features, such as accessing secure areas of our Website. These temporary cookies last only as long as your web browser is open and are used for technical purposes such as enabling better navigation on our Website. The Website may not function properly without these cookies.<\/li>\r\n<li><strong>Analytics<\/strong> \u2013 these cookies analyze how our Website is being accessed, used, or is performing in order to provide you with a better user experience and to maintain, operate and continually improve our Website. Analytics cookies allow us to better understand our Website visitors so that we can improve how we present our content or to improve our website by measuring any errors that occur. We use Google Analytics, a web analytics service provided by Google Inc. that provides statistics on an aggregated and thus anonymous basis about visitors to our website.<\/li>\r\n<\/ul>\r\n<p>More information about Cookies used in our Website is available in the table below:<\/p>\r\n<table width=\"100%\">\r\n<tbody>\r\n<tr>\r\n<td width=\"214\"><strong>Type of Cookie<\/strong><\/td>\r\n<td width=\"214\"><strong>Purpose<\/strong><\/td>\r\n<td width=\"214\"><strong>Expiry<\/strong><\/td>\r\n<\/tr>\r\n<tr>\r\n<td width=\"214\">cookie_notice_accepted<\/td>\r\n<td width=\"214\">Used to identify whether the user gave the consent for the use of cookies<\/td>\r\n<td width=\"214\">1 month<\/td>\r\n<\/tr>\r\n<tr>\r\n<td width=\"214\">_ga<\/td>\r\n<td width=\"214\">Used to distinguish users.<\/td>\r\n<td width=\"214\">2 years<\/td>\r\n<\/tr>\r\n<tr>\r\n<td width=\"214\">_gid<\/td>\r\n<td width=\"214\">Used to distinguish users.<\/td>\r\n<td width=\"214\">24 hours<\/td>\r\n<\/tr>\r\n<tr>\r\n<td width=\"214\">_gat<\/td>\r\n<td width=\"214\">Used to throttle request rate. If Google Analytics is deployed via Google Tag Manager, this cookie will be named _dc_gtm_&lt;property-id&gt;.<\/td>\r\n<td width=\"214\">1 minute<\/td>\r\n<\/tr>\r\n<tr>\r\n<td width=\"214\">collect<\/td>\r\n<td width=\"214\">Used to send data to Google Analytics about the visitor&#8217;s device and behavior. Tracks the visitor across devices and marketing channels.<\/td>\r\n<td width=\"214\">N\/A<\/td>\r\n<\/tr>\r\n<\/tbody>\r\n<\/table>\r\n<p><strong>Third Party Websites\u2019 Cookies <\/strong> These cookies are set by someone other than us for purposes such as e.g. collecting information on your behavior, demographics, or personalized marketing. These cookies may be used by Google for advertising purposes (see the Google Cookie Policy for more information: <a href=\"https:\/\/policies.google.com\/technologies\/types?hl=lt\">https:\/\/policies.google.com\/technologies\/types?hl=lt<\/a><u>).<\/u> Our Website may display content from the external service providers, such as YouTube, Facebook, Twitter, LinkedIn, used their \u201cLike\u201d button, or the link to them. These third-party cookies policies shall be applied when you view this content by clicking on the mentioned button or the link provided. You can find more about these cookie rules here: <a href=\"https:\/\/www.facebook.com\/policies\/cookies\/\">https:\/\/www.facebook.com\/policies\/cookies\/<\/a> <a href=\"https:\/\/help.twitter.com\/en\/rules-and-policies\/twitter-cookies\">https:\/\/help.twitter.com\/en\/rules-and-policies\/twitter-cookies<\/a> <a href=\"https:\/\/www.linkedin.com\/legal\/cookie-policy\">https:\/\/www.linkedin.com\/legal\/cookie-policy<\/a> <a href=\"https:\/\/policies.google.com\/technologies\/cookies?hl=lt\">https:\/\/policies.google.com\/technologies\/cookies?hl=lt<\/a> We do not have control over the placement of cookies by other websites, even if you are directed to them from our Website. \u00a0<\/p>\r\n<h2>V. How to control and delete Cookies?<\/h2>\r\n<p>There are number ways to manage cookies. You can set your consent or if you wish you can control or delete the placing of cookies on your device. If you delete the cookies, any settings and preferences controlled by those cookies will be deleted and will need to be re-created when you visit our Website subsequently. Our Website will not function properly without strictly necessary cookies. We have explained how you can exercise this right below: <em>1) Cookie Settings<\/em> For more complete control over the cookies used by us, you may check the cookie settings which you can access through the Website. In the cookie settings you may control all cookies placed on the Website, except strictly necessary cookies. <em>2) Using Your Browser<\/em> Most browsers allow you to change your cookies settings. Many of the cookies used on our Website and through emails can be enabled or disabled through our consent tool or by disabling the cookies through your browser. In order to understand those settings, the following links may be helpful, otherwise you should use the \u2018Help\u2019 option in your browser for more details:<\/p>\r\n<ol>\r\n<li><a href=\"https:\/\/support.microsoft.com\/en-gb\/help\/17442\/windows-internet-explorer-delete-manage-cookies\">Cookie settings in Internet Explorer<\/a>;<\/li>\r\n<li><a href=\"https:\/\/support.mozilla.org\/en-US\/kb\/enable-and-disable-cookies-website-preferences\">Cookie settings in Firefox<\/a>;<\/li>\r\n<li><a href=\"https:\/\/support.google.com\/chrome\/answer\/95647?hl=en\">Cookie settings in Chrome<\/a>.<\/li>\r\n<\/ol>\r\n<h2>\u00a0<\/h2>\r\n<h2>VI. Changes and Updates to this Cookies Policy<\/h2>\r\n<p>We will occasionally update this Cookies Policy to reflect changes in our practices and services. If we make any material changes in the way we collect, use, and\/or share information held in cookies, we will notify you by prominently posting notice of the changes on our Website. We recommend that you check this page occasionally to inform yourself of any changes in this Cookies Policy. [cookies_revoke]<\/p>","protected":false},"excerpt":{"rendered":"<p>I. Introduction This Cookies Policy explains what cookies are and what type of cookies Chambers.lt, a brand name of Lietuvos prekybos, pramon\u0117s ir amat\u0173 r\u016bm\u0173 asociacija, the company registered in the State Enterprise Centre Of Registers, code: 110069070, address: Va\u0161ingtono a. 1, LT-01108 Vilnius, Lithuania (hereinafter \u2013 \u2018we\u2019, \u2018us\u2019, \u2018our\u2019) uses, when you visit our [&hellip;]<\/p>\n","protected":false},"author":1,"featured_media":0,"parent":0,"menu_order":0,"comment_status":"closed","ping_status":"closed","template":"","meta":{"footnotes":""},"class_list":["post-690","page","type-page","status-publish","hentry"],"yoast_head":"<!-- This site is optimized with the Yoast SEO plugin v23.1 - https:\/\/yoast.com\/wordpress\/plugins\/seo\/ -->\n<title>Cookies Policy | Lietuvos prekybos, pramon\u0117s ir amat\u0173 r\u016bm\u0173 asociacija<\/title>\n<meta name=\"robots\" content=\"index, follow, max-snippet:-1, max-image-preview:large, max-video-preview:-1\" \/>\n<link rel=\"canonical\" href=\"https:\/\/www.chambers.lt\/en\/slapuku-politika\/\" \/>\n<meta property=\"og:locale\" content=\"en_US\" \/>\n<meta property=\"og:type\" content=\"article\" \/>\n<meta property=\"og:title\" content=\"Cookies Policy | Lietuvos prekybos, pramon\u0117s ir amat\u0173 r\u016bm\u0173 asociacija\" \/>\n<meta property=\"og:description\" content=\"I. Introduction This Cookies Policy explains what cookies are and what type of cookies Chambers.lt, a brand name of Lietuvos prekybos, pramon\u0117s ir amat\u0173 r\u016bm\u0173 asociacija, the company registered in the State Enterprise Centre Of Registers, code: 110069070, address: Va\u0161ingtono a. 1, LT-01108 Vilnius, Lithuania (hereinafter \u2013 \u2018we\u2019, \u2018us\u2019, \u2018our\u2019) uses, when you visit our [&hellip;]\" \/>\n<meta property=\"og:url\" content=\"https:\/\/www.chambers.lt\/en\/slapuku-politika\/\" \/>\n<meta property=\"og:site_name\" content=\"Lietuvos prekybos, pramon\u0117s ir amat\u0173 r\u016bm\u0173 asociacija\" \/>\n<meta property=\"article:modified_time\" content=\"2021-01-22T13:03:26+00:00\" \/>\n<meta property=\"og:image\" content=\"https:\/\/www.chambers.lt\/wp-content\/uploads\/2022\/02\/fb.jpg\" \/>\n\t<meta property=\"og:image:width\" content=\"1200\" \/>\n\t<meta property=\"og:image:height\" content=\"630\" \/>\n\t<meta property=\"og:image:type\" content=\"image\/jpeg\" \/>\n<meta name=\"twitter:card\" content=\"summary_large_image\" \/>\n<meta name=\"twitter:label1\" content=\"Est. reading time\" \/>\n\t<meta name=\"twitter:data1\" content=\"5 minutes\" \/>\n<script type=\"application\/ld+json\" class=\"yoast-schema-graph\">{\"@context\":\"https:\/\/schema.org\",\"@graph\":[{\"@type\":\"WebPage\",\"@id\":\"https:\/\/www.chambers.lt\/en\/slapuku-politika\/\",\"url\":\"https:\/\/www.chambers.lt\/en\/slapuku-politika\/\",\"name\":\"Cookies Policy | Lietuvos prekybos, pramon\u0117s ir amat\u0173 r\u016bm\u0173 asociacija\",\"isPartOf\":{\"@id\":\"https:\/\/www.chambers.lt\/#website\"},\"datePublished\":\"2020-11-04T00:50:20+00:00\",\"dateModified\":\"2021-01-22T13:03:26+00:00\",\"breadcrumb\":{\"@id\":\"https:\/\/www.chambers.lt\/en\/slapuku-politika\/#breadcrumb\"},\"inLanguage\":\"en-US\",\"potentialAction\":[{\"@type\":\"ReadAction\",\"target\":[\"https:\/\/www.chambers.lt\/en\/slapuku-politika\/\"]}]},{\"@type\":\"BreadcrumbList\",\"@id\":\"https:\/\/www.chambers.lt\/en\/slapuku-politika\/#breadcrumb\",\"itemListElement\":[{\"@type\":\"ListItem\",\"position\":1,\"name\":\"Home\",\"item\":\"https:\/\/www.chambers.lt\/en\/\"},{\"@type\":\"ListItem\",\"position\":2,\"name\":\"Cookies Policy\"}]},{\"@type\":\"WebSite\",\"@id\":\"https:\/\/www.chambers.lt\/#website\",\"url\":\"https:\/\/www.chambers.lt\/\",\"name\":\"Lietuvos prekybos, pramon\u0117s ir amat\u0173 r\u016bm\u0173 asociacija\",\"description\":\"\",\"potentialAction\":[{\"@type\":\"SearchAction\",\"target\":{\"@type\":\"EntryPoint\",\"urlTemplate\":\"https:\/\/www.chambers.lt\/?s={search_term_string}\"},\"query-input\":\"required name=search_term_string\"}],\"inLanguage\":\"en-US\"}]}<\/script>\n<!-- \/ Yoast SEO plugin. -->","yoast_head_json":{"title":"Cookies Policy | Lietuvos prekybos, pramon\u0117s ir amat\u0173 r\u016bm\u0173 asociacija","robots":{"index":"index","follow":"follow","max-snippet":"max-snippet:-1","max-image-preview":"max-image-preview:large","max-video-preview":"max-video-preview:-1"},"canonical":"https:\/\/www.chambers.lt\/en\/slapuku-politika\/","og_locale":"en_US","og_type":"article","og_title":"Cookies Policy | Lietuvos prekybos, pramon\u0117s ir amat\u0173 r\u016bm\u0173 asociacija","og_description":"I. Introduction This Cookies Policy explains what cookies are and what type of cookies Chambers.lt, a brand name of Lietuvos prekybos, pramon\u0117s ir amat\u0173 r\u016bm\u0173 asociacija, the company registered in the State Enterprise Centre Of Registers, code: 110069070, address: Va\u0161ingtono a. 1, LT-01108 Vilnius, Lithuania (hereinafter \u2013 \u2018we\u2019, \u2018us\u2019, \u2018our\u2019) uses, when you visit our [&hellip;]","og_url":"https:\/\/www.chambers.lt\/en\/slapuku-politika\/","og_site_name":"Lietuvos prekybos, pramon\u0117s ir amat\u0173 r\u016bm\u0173 asociacija","article_modified_time":"2021-01-22T13:03:26+00:00","og_image":[{"width":1200,"height":630,"url":"https:\/\/www.chambers.lt\/wp-content\/uploads\/2022\/02\/fb.jpg","type":"image\/jpeg"}],"twitter_card":"summary_large_image","twitter_misc":{"Est. reading time":"5 minutes"},"schema":{"@context":"https:\/\/schema.org","@graph":[{"@type":"WebPage","@id":"https:\/\/www.chambers.lt\/en\/slapuku-politika\/","url":"https:\/\/www.chambers.lt\/en\/slapuku-politika\/","name":"Cookies Policy | Lietuvos prekybos, pramon\u0117s ir amat\u0173 r\u016bm\u0173 asociacija","isPartOf":{"@id":"https:\/\/www.chambers.lt\/#website"},"datePublished":"2020-11-04T00:50:20+00:00","dateModified":"2021-01-22T13:03:26+00:00","breadcrumb":{"@id":"https:\/\/www.chambers.lt\/en\/slapuku-politika\/#breadcrumb"},"inLanguage":"en-US","potentialAction":[{"@type":"ReadAction","target":["https:\/\/www.chambers.lt\/en\/slapuku-politika\/"]}]},{"@type":"BreadcrumbList","@id":"https:\/\/www.chambers.lt\/en\/slapuku-politika\/#breadcrumb","itemListElement":[{"@type":"ListItem","position":1,"name":"Home","item":"https:\/\/www.chambers.lt\/en\/"},{"@type":"ListItem","position":2,"name":"Cookies Policy"}]},{"@type":"WebSite","@id":"https:\/\/www.chambers.lt\/#website","url":"https:\/\/www.chambers.lt\/","name":"Lietuvos prekybos, pramon\u0117s ir amat\u0173 r\u016bm\u0173 asociacija","description":"","potentialAction":[{"@type":"SearchAction","target":{"@type":"EntryPoint","urlTemplate":"https:\/\/www.chambers.lt\/?s={search_term_string}"},"query-input":"required name=search_term_string"}],"inLanguage":"en-US"}]}},"_links":{"self":[{"href":"https:\/\/www.chambers.lt\/en\/wp-json\/wp\/v2\/pages\/690"}],"collection":[{"href":"https:\/\/www.chambers.lt\/en\/wp-json\/wp\/v2\/pages"}],"about":[{"href":"https:\/\/www.chambers.lt\/en\/wp-json\/wp\/v2\/types\/page"}],"author":[{"embeddable":true,"href":"https:\/\/www.chambers.lt\/en\/wp-json\/wp\/v2\/users\/1"}],"replies":[{"embeddable":true,"href":"https:\/\/www.chambers.lt\/en\/wp-json\/wp\/v2\/comments?post=690"}],"version-history":[{"count":4,"href":"https:\/\/www.chambers.lt\/en\/wp-json\/wp\/v2\/pages\/690\/revisions"}],"predecessor-version":[{"id":702,"href":"https:\/\/www.chambers.lt\/en\/wp-json\/wp\/v2\/pages\/690\/revisions\/702"}],"wp:attachment":[{"href":"https:\/\/www.chambers.lt\/en\/wp-json\/wp\/v2\/media?parent=690"}],"curies":[{"name":"wp","href":"https:\/\/api.w.org\/{rel}","templated":true}]}}