{"id":280,"date":"2020-12-21T06:34:12","date_gmt":"2020-12-21T04:34:12","guid":{"rendered":"https:\/\/www.chambers.lt\/?page_id=280"},"modified":"2024-01-17T14:04:11","modified_gmt":"2024-01-17T12:04:11","slug":"%d0%b8%d1%81%d1%82%d0%be%d1%80%d0%b8%d1%8f","status":"publish","type":"page","link":"https:\/\/www.chambers.lt\/ru\/%d0%be-%d0%bd%d0%b0%d1%81\/%d0%b8%d1%81%d1%82%d0%be%d1%80%d0%b8%d1%8f\/","title":{"rendered":"\u0418\u0441\u0442\u043e\u0440\u0438\u044f"},"content":{"rendered":"","protected":false},"excerpt":{"rendered":"","protected":false},"author":1,"featured_media":0,"parent":512,"menu_order":0,"comment_status":"closed","ping_status":"closed","template":"templates\/page-about-history.php","meta":{"footnotes":""},"class_list":["post-280","page","type-page","status-publish","hentry"],"yoast_head":"<!-- This site is optimized with the Yoast SEO plugin v23.1 - https:\/\/yoast.com\/wordpress\/plugins\/seo\/ -->\n<title>\u0418\u0441\u0442\u043e\u0440\u0438\u044f | Lietuvos prekybos, pramon\u0117s ir amat\u0173 r\u016bm\u0173 asociacija<\/title>\n<meta name=\"robots\" content=\"index, follow, max-snippet:-1, max-image-preview:large, max-video-preview:-1\" \/>\n<link rel=\"canonical\" href=\"https:\/\/www.chambers.lt\/ru\/\u043e-\u043d\u0430\u0441\/\u0438\u0441\u0442\u043e\u0440\u0438\u044f\/\" \/>\n<meta property=\"og:locale\" content=\"ru_RU\" \/>\n<meta property=\"og:type\" content=\"article\" \/>\n<meta property=\"og:title\" content=\"\u0418\u0441\u0442\u043e\u0440\u0438\u044f | Lietuvos prekybos, pramon\u0117s ir amat\u0173 r\u016bm\u0173 asociacija\" \/>\n<meta property=\"og:url\" content=\"https:\/\/www.chambers.lt\/ru\/\u043e-\u043d\u0430\u0441\/\u0438\u0441\u0442\u043e\u0440\u0438\u044f\/\" \/>\n<meta property=\"og:site_name\" content=\"Lietuvos prekybos, pramon\u0117s ir amat\u0173 r\u016bm\u0173 asociacija\" \/>\n<meta property=\"article:modified_time\" content=\"2024-01-17T12:04:11+00:00\" \/>\n<meta property=\"og:image\" content=\"https:\/\/www.chambers.lt\/wp-content\/uploads\/2022\/02\/fb.jpg\" \/>\n\t<meta property=\"og:image:width\" content=\"1200\" \/>\n\t<meta property=\"og:image:height\" content=\"630\" \/>\n\t<meta property=\"og:image:type\" content=\"image\/jpeg\" \/>\n<meta name=\"twitter:card\" content=\"summary_large_image\" \/>\n<script type=\"application\/ld+json\" class=\"yoast-schema-graph\">{\"@context\":\"https:\/\/schema.org\",\"@graph\":[{\"@type\":\"WebPage\",\"@id\":\"https:\/\/www.chambers.lt\/ru\/%d0%be-%d0%bd%d0%b0%d1%81\/%d0%b8%d1%81%d1%82%d0%be%d1%80%d0%b8%d1%8f\/\",\"url\":\"https:\/\/www.chambers.lt\/ru\/%d0%be-%d0%bd%d0%b0%d1%81\/%d0%b8%d1%81%d1%82%d0%be%d1%80%d0%b8%d1%8f\/\",\"name\":\"\u0418\u0441\u0442\u043e\u0440\u0438\u044f | Lietuvos prekybos, pramon\u0117s ir amat\u0173 r\u016bm\u0173 asociacija\",\"isPartOf\":{\"@id\":\"https:\/\/www.chambers.lt\/#website\"},\"datePublished\":\"2020-12-21T04:34:12+00:00\",\"dateModified\":\"2024-01-17T12:04:11+00:00\",\"breadcrumb\":{\"@id\":\"https:\/\/www.chambers.lt\/ru\/%d0%be-%d0%bd%d0%b0%d1%81\/%d0%b8%d1%81%d1%82%d0%be%d1%80%d0%b8%d1%8f\/#breadcrumb\"},\"inLanguage\":\"ru-RU\",\"potentialAction\":[{\"@type\":\"ReadAction\",\"target\":[\"https:\/\/www.chambers.lt\/ru\/%d0%be-%d0%bd%d0%b0%d1%81\/%d0%b8%d1%81%d1%82%d0%be%d1%80%d0%b8%d1%8f\/\"]}]},{\"@type\":\"BreadcrumbList\",\"@id\":\"https:\/\/www.chambers.lt\/ru\/%d0%be-%d0%bd%d0%b0%d1%81\/%d0%b8%d1%81%d1%82%d0%be%d1%80%d0%b8%d1%8f\/#breadcrumb\",\"itemListElement\":[{\"@type\":\"ListItem\",\"position\":1,\"name\":\"Home\",\"item\":\"https:\/\/www.chambers.lt\/ru\/\"},{\"@type\":\"ListItem\",\"position\":2,\"name\":\"\u041e \u043d\u0430\u0441\",\"item\":\"https:\/\/www.chambers.lt\/ru\/%d0%be-%d0%bd%d0%b0%d1%81\/\"},{\"@type\":\"ListItem\",\"position\":3,\"name\":\"\u0418\u0441\u0442\u043e\u0440\u0438\u044f\"}]},{\"@type\":\"WebSite\",\"@id\":\"https:\/\/www.chambers.lt\/#website\",\"url\":\"https:\/\/www.chambers.lt\/\",\"name\":\"Lietuvos prekybos, pramon\u0117s ir amat\u0173 r\u016bm\u0173 asociacija\",\"description\":\"\",\"potentialAction\":[{\"@type\":\"SearchAction\",\"target\":{\"@type\":\"EntryPoint\",\"urlTemplate\":\"https:\/\/www.chambers.lt\/?s={search_term_string}\"},\"query-input\":\"required name=search_term_string\"}],\"inLanguage\":\"ru-RU\"}]}<\/script>\n<!-- \/ Yoast SEO plugin. -->","yoast_head_json":{"title":"\u0418\u0441\u0442\u043e\u0440\u0438\u044f | Lietuvos prekybos, pramon\u0117s ir amat\u0173 r\u016bm\u0173 asociacija","robots":{"index":"index","follow":"follow","max-snippet":"max-snippet:-1","max-image-preview":"max-image-preview:large","max-video-preview":"max-video-preview:-1"},"canonical":"https:\/\/www.chambers.lt\/ru\/\u043e-\u043d\u0430\u0441\/\u0438\u0441\u0442\u043e\u0440\u0438\u044f\/","og_locale":"ru_RU","og_type":"article","og_title":"\u0418\u0441\u0442\u043e\u0440\u0438\u044f | Lietuvos prekybos, pramon\u0117s ir amat\u0173 r\u016bm\u0173 asociacija","og_url":"https:\/\/www.chambers.lt\/ru\/\u043e-\u043d\u0430\u0441\/\u0438\u0441\u0442\u043e\u0440\u0438\u044f\/","og_site_name":"Lietuvos prekybos, pramon\u0117s ir amat\u0173 r\u016bm\u0173 asociacija","article_modified_time":"2024-01-17T12:04:11+00:00","og_image":[{"width":1200,"height":630,"url":"https:\/\/www.chambers.lt\/wp-content\/uploads\/2022\/02\/fb.jpg","type":"image\/jpeg"}],"twitter_card":"summary_large_image","schema":{"@context":"https:\/\/schema.org","@graph":[{"@type":"WebPage","@id":"https:\/\/www.chambers.lt\/ru\/%d0%be-%d0%bd%d0%b0%d1%81\/%d0%b8%d1%81%d1%82%d0%be%d1%80%d0%b8%d1%8f\/","url":"https:\/\/www.chambers.lt\/ru\/%d0%be-%d0%bd%d0%b0%d1%81\/%d0%b8%d1%81%d1%82%d0%be%d1%80%d0%b8%d1%8f\/","name":"\u0418\u0441\u0442\u043e\u0440\u0438\u044f | Lietuvos prekybos, pramon\u0117s ir amat\u0173 r\u016bm\u0173 asociacija","isPartOf":{"@id":"https:\/\/www.chambers.lt\/#website"},"datePublished":"2020-12-21T04:34:12+00:00","dateModified":"2024-01-17T12:04:11+00:00","breadcrumb":{"@id":"https:\/\/www.chambers.lt\/ru\/%d0%be-%d0%bd%d0%b0%d1%81\/%d0%b8%d1%81%d1%82%d0%be%d1%80%d0%b8%d1%8f\/#breadcrumb"},"inLanguage":"ru-RU","potentialAction":[{"@type":"ReadAction","target":["https:\/\/www.chambers.lt\/ru\/%d0%be-%d0%bd%d0%b0%d1%81\/%d0%b8%d1%81%d1%82%d0%be%d1%80%d0%b8%d1%8f\/"]}]},{"@type":"BreadcrumbList","@id":"https:\/\/www.chambers.lt\/ru\/%d0%be-%d0%bd%d0%b0%d1%81\/%d0%b8%d1%81%d1%82%d0%be%d1%80%d0%b8%d1%8f\/#breadcrumb","itemListElement":[{"@type":"ListItem","position":1,"name":"Home","item":"https:\/\/www.chambers.lt\/ru\/"},{"@type":"ListItem","position":2,"name":"\u041e \u043d\u0430\u0441","item":"https:\/\/www.chambers.lt\/ru\/%d0%be-%d0%bd%d0%b0%d1%81\/"},{"@type":"ListItem","position":3,"name":"\u0418\u0441\u0442\u043e\u0440\u0438\u044f"}]},{"@type":"WebSite","@id":"https:\/\/www.chambers.lt\/#website","url":"https:\/\/www.chambers.lt\/","name":"Lietuvos prekybos, pramon\u0117s ir amat\u0173 r\u016bm\u0173 asociacija","description":"","potentialAction":[{"@type":"SearchAction","target":{"@type":"EntryPoint","urlTemplate":"https:\/\/www.chambers.lt\/?s={search_term_string}"},"query-input":"required name=search_term_string"}],"inLanguage":"ru-RU"}]}},"_links":{"self":[{"href":"https:\/\/www.chambers.lt\/ru\/wp-json\/wp\/v2\/pages\/280"}],"collection":[{"href":"https:\/\/www.chambers.lt\/ru\/wp-json\/wp\/v2\/pages"}],"about":[{"href":"https:\/\/www.chambers.lt\/ru\/wp-json\/wp\/v2\/types\/page"}],"author":[{"embeddable":true,"href":"https:\/\/www.chambers.lt\/ru\/wp-json\/wp\/v2\/users\/1"}],"replies":[{"embeddable":true,"href":"https:\/\/www.chambers.lt\/ru\/wp-json\/wp\/v2\/comments?post=280"}],"version-history":[{"count":2,"href":"https:\/\/www.chambers.lt\/ru\/wp-json\/wp\/v2\/pages\/280\/revisions"}],"predecessor-version":[{"id":1937,"href":"https:\/\/www.chambers.lt\/ru\/wp-json\/wp\/v2\/pages\/280\/revisions\/1937"}],"up":[{"embeddable":true,"href":"https:\/\/www.chambers.lt\/ru\/wp-json\/wp\/v2\/pages\/512"}],"wp:attachment":[{"href":"https:\/\/www.chambers.lt\/ru\/wp-json\/wp\/v2\/media?parent=280"}],"curies":[{"name":"wp","href":"https:\/\/api.w.org\/{rel}","templated":true}]}}